{"id":318,"date":"2017-11-20T16:48:28","date_gmt":"2017-11-20T15:48:28","guid":{"rendered":"http:\/\/joebyte.de\/?page_id=318"},"modified":"2025-02-12T11:49:15","modified_gmt":"2025-02-12T10:49:15","slug":"joebyte","status":"publish","type":"page","link":"https:\/\/joebyte.de\/en\/joebyte\/","title":{"rendered":"Joebyte ?"},"content":{"rendered":"<h1>Joebyte ?<\/h1>\n<p><img decoding=\"async\" src=\"\/wp-content\/uploads\/Joebyte.jpg\" alt=\"\"><\/p>\n<h1>Hi! Nice of you to drop in.<\/h1>\n<div>\n<div class=\"uk-margin-medium\">\n<div class=\"uk-margin-medium\">\n<p>I am J\u00f6rg Schlottmann and I am working in adult education. That encompasses everything from design to delivery that is important for knowledge transfer. Hold seminars, explain the world, make complex things easily comprehendable for the target group \u2013 that would about sum it up. On top of that I have a great curiosity for a host of other topics. To these belong\u00a0 amateur radio (my callsign is DF6XP \u2013 for the insiders), art, Great Britain, the German energy economy and measurable quantities in contrast to felt truths. About that \u2013 and anything else that comes up spontaneously \u2013 I will write here from time to time.<\/p>\n<p>By the way, you might not believe this, but this blog actually exists because I just wanted to check out WordPress. Professionally I have come into contact with Joomla (another content management system) and was curious about the workings of WordPress. At the same time,\u00a0 I wanted to write a short account of an amateur radio activity thet took place during our holidays. The question was: Where? And now this blog is here.<\/p>\n<p>And why joebyte.de? You might not believe this, either. Since the late seventies I deal with IT and have operated a range of the early personal computers like the Commodore VC20, Sinclair ZX81 and Apple 2 . There were no umlauts -the \u00c4s, \u00d6s and \u00dcs of the German language- which is a bit odd when you are named J\u00f6rg. But there were user names for the first computer programs. And somehow Joerg and the bits and bytes mixed up to \u201cJoebyte\u201d as my nick- and user name. Since the early years of the internet I had the domain \u201cjoebyte.de\u201d reserved and have now activated it for this blog. That\u2019s the story.<\/p>\n<p>Enjoy my blog. It would be nice to hear from you, too.<\/p>\n<p>J\u00f6rg Schlottmann<\/p>\n<p>\u00a0<\/p>\n<\/div>\n<\/div>\n<\/div>\n<p>\n    <a href=\"\/en\/legal-notice\/\">Legal Notice<\/a>\n<\/p>\n<p>\n    <a href=\"\/en\/protection-of-data-privacy\/\">             Protection of data privacy<\/a>\n<\/p>\n<ul>\n<li><a href=\"https:\/\/de.linkedin.com\/in\/j%C3%B6rg-schlottmann-313965125\">linkedin<\/a>\n<\/li>\n<li><a href=\"https:\/\/www.xing.com\/profile\/JoergWilm_Schlottmann\">xing<\/a>\n<\/li>\n<li><a href=\"https:\/\/www.instagram.com\/joebyte\/\">instagram<\/a>\n<\/li>\n<\/ul>\n<p><!--more--><br \/>\n<!-- {\"type\":\"layout\",\"children\":[{\"type\":\"section\",\"props\":{\"image_position\":\"center-center\",\"style\":\"default\",\"title_breakpoint\":\"xl\",\"title_position\":\"top-left\",\"title_rotation\":\"left\",\"vertical_align\":\"\",\"width\":\"default\"},\"children\":[{\"type\":\"row\",\"children\":[{\"type\":\"column\",\"props\":{\"image_position\":\"center-center\",\"position_sticky_breakpoint\":\"m\",\"width_medium\":\"1-1\"},\"children\":[{\"type\":\"headline\",\"props\":{\"content\":\"Joebyte ?\",\"title_element\":\"h1\"}}]}]},{\"type\":\"row\",\"props\":{\"layout\":\"1-3,1-3,1-3\"},\"children\":[{\"type\":\"column\",\"props\":{\"image_position\":\"center-center\",\"position_sticky_breakpoint\":\"m\",\"width_medium\":\"1-3\"},\"children\":[{\"type\":\"image\",\"props\":{\"image\":\"wp-content\\\/uploads\\\/Joebyte.jpg\",\"image_svg_color\":\"emphasis\",\"margin\":\"default\"}}]},{\"type\":\"column\",\"props\":{\"image_position\":\"center-center\",\"position_sticky_breakpoint\":\"m\",\"width_medium\":\"1-3\"},\"children\":[{\"type\":\"headline\",\"props\":{\"content\":\"Hi! Nice of you to drop in.\",\"title_element\":\"h1\"}}]},{\"type\":\"column\",\"props\":{\"image_position\":\"center-center\",\"position_sticky_breakpoint\":\"m\",\"width_medium\":\"1-3\"}}]},{\"type\":\"row\",\"children\":[{\"type\":\"column\",\"props\":{\"image_position\":\"center-center\",\"position_sticky_breakpoint\":\"m\",\"width_medium\":\"1-1\"},\"children\":[{\"type\":\"text\",\"props\":{\"column_breakpoint\":\"m\",\"content\":\"\n\n<div class=\\\"uk-margin-medium\\\">\\n\n\n<div class=\\\"uk-margin-medium\\\">\\n\n\n<p>I am J\\u00f6rg Schlottmann and I am working in adult education. That encompasses everything from design to delivery that is important for knowledge transfer. Hold seminars, explain the world, make complex things easily comprehendable for the target group \\u2013 that would about sum it up. On top of that I have a great curiosity for a host of other topics. To these belong\\u00a0 amateur radio (my callsign is DF6XP \\u2013 for the insiders), art, Great Britain, the German energy economy and measurable quantities in contrast to felt truths. About that \\u2013 and anything else that comes up spontaneously \\u2013 I will write here from time to time.<\\\/p>\\n\n\n<p>By the way, you might not believe this, but this blog actually exists because I just wanted to check out WordPress. Professionally I have come into contact with Joomla (another content management system) and was curious about the workings of WordPress. At the same time,\\u00a0 I wanted to write a short account of an amateur radio activity thet took place during our holidays. The question was: Where? And now this blog is here.<\\\/p>\\n\n\n<p>And why joebyte.de? You might not believe this, either. Since the late seventies I deal with IT and have operated a range of the early personal computers like the Commodore VC20, Sinclair ZX81 and Apple 2 . There were no umlauts -the \\u00c4s, \\u00d6s and \\u00dcs of the German language- which is a bit odd when you are named J\\u00f6rg. But there were user names for the first computer programs. And somehow Joerg and the bits and bytes mixed up to \\u201cJoebyte\\u201d as my nick- and user name. Since the early years of the internet I had the domain \\u201cjoebyte.de\\u201d reserved and have now activated it for this blog. That\\u2019s the story.<\\\/p>\\n\n\n<p>Enjoy my blog. It would be nice to hear from you, too.<\\\/p>\\n\n\n<p>J\\u00f6rg Schlottmann<\\\/p>\\n\n\n<p>\\u00a0<\\\/p>\\n<\\\/div>\\n<\\\/div>\",\"margin\":\"default\"}}]}]}]},{\"type\":\"section\",\"props\":{\"image_position\":\"center-center\",\"style\":\"secondary\",\"title_breakpoint\":\"xl\",\"title_position\":\"top-left\",\"title_rotation\":\"left\",\"vertical_align\":\"\",\"width\":\"default\"},\"children\":[{\"type\":\"row\",\"props\":{\"column_gap\":\"small\",\"divider\":true,\"layout\":\"1-2,1-2\",\"row_gap\":\"small\"},\"children\":[{\"type\":\"column\",\"props\":{\"image_position\":\"center-center\",\"position_sticky_breakpoint\":\"m\",\"width_medium\":\"1-2\"},\"children\":[{\"type\":\"subnav\",\"props\":{\"position\":\"relative\",\"position_left\":\"340\"},\"children\":[{\"type\":\"subnav_item\",\"props\":{\"content\":\"Legal Notice\",\"link\":\"en\\\/legal-notice\\\/\"}}]},{\"type\":\"subnav\",\"props\":{\"position\":\"relative\",\"position_left\":\"228\"},\"children\":[{\"type\":\"subnav_item\",\"props\":{\"content\":\"             Protection of data privacy\",\"link\":\"en\\\/protection-of-data-privacy\\\/\"}}]}]},{\"type\":\"column\",\"props\":{\"image_position\":\"center-center\",\"position_sticky_breakpoint\":\"m\",\"width_medium\":\"1-2\"},\"children\":[{\"type\":\"social\",\"props\":{\"grid\":\"horizontal\",\"grid_column_gap\":\"small\",\"grid_row_gap\":\"small\",\"image_svg_inline\":true,\"link_style\":\"muted\",\"link_target\":true,\"margin\":\"default\"},\"children\":[{\"type\":\"social_item\",\"props\":{\"link\":\"https:\\\/\\\/de.linkedin.com\\\/in\\\/j%C3%B6rg-schlottmann-313965125\"}},{\"type\":\"social_item\",\"props\":{\"link\":\"https:\\\/\\\/www.xing.com\\\/profile\\\/JoergWilm_Schlottmann\"}},{\"type\":\"social_item\",\"props\":{\"link\":\"https:\\\/\\\/www.instagram.com\\\/joebyte\\\/\"}}]}]}]}]}],\"version\":\"4.5.4\"} --><\/p>\n","protected":false},"excerpt":{"rendered":"<p>Joebyte ? Hi! Nice of you to drop in. I am J\u00f6rg Schlottmann and I am working in adult education. That encompasses everything from design to delivery that is important for knowledge transfer. Hold seminars, explain the world, make complex things easily comprehendable for the target group \u2013 that would about sum it up. On [&hellip;]<\/p>\n","protected":false},"author":1,"featured_media":0,"parent":0,"menu_order":5,"comment_status":"closed","ping_status":"closed","template":"","meta":{"jetpack_post_was_ever_published":false,"footnotes":""},"class_list":["post-318","page","type-page","status-publish","hentry"],"jetpack_sharing_enabled":true,"_links":{"self":[{"href":"https:\/\/joebyte.de\/en\/wp-json\/wp\/v2\/pages\/318","targetHints":{"allow":["GET"]}}],"collection":[{"href":"https:\/\/joebyte.de\/en\/wp-json\/wp\/v2\/pages"}],"about":[{"href":"https:\/\/joebyte.de\/en\/wp-json\/wp\/v2\/types\/page"}],"author":[{"embeddable":true,"href":"https:\/\/joebyte.de\/en\/wp-json\/wp\/v2\/users\/1"}],"replies":[{"embeddable":true,"href":"https:\/\/joebyte.de\/en\/wp-json\/wp\/v2\/comments?post=318"}],"version-history":[{"count":23,"href":"https:\/\/joebyte.de\/en\/wp-json\/wp\/v2\/pages\/318\/revisions"}],"predecessor-version":[{"id":946,"href":"https:\/\/joebyte.de\/en\/wp-json\/wp\/v2\/pages\/318\/revisions\/946"}],"wp:attachment":[{"href":"https:\/\/joebyte.de\/en\/wp-json\/wp\/v2\/media?parent=318"}],"curies":[{"name":"wp","href":"https:\/\/api.w.org\/{rel}","templated":true}]}}